{"id":694,"date":"2023-03-08T08:50:23","date_gmt":"2023-03-08T11:50:23","guid":{"rendered":"https:\/\/silenkar.com.br\/?page_id=694"},"modified":"2023-03-08T09:28:24","modified_gmt":"2023-03-08T12:28:24","slug":"trabalhe-conosco","status":"publish","type":"page","link":"https:\/\/silenkar.com.br\/en\/work-with-us\/","title":{"rendered":"Work with us"},"content":{"rendered":"<div data-elementor-type=\"wp-page\" data-elementor-id=\"694\" class=\"elementor elementor-694\" data-elementor-post-type=\"page\">\n\t\t\t\t\t\t<section class=\"elementor-section elementor-top-section elementor-element elementor-element-d10d798 elementor-section-full_width elementor-section-height-full elementor-section-stretched elementor-section-height-default elementor-section-items-middle\" data-id=\"d10d798\" data-element_type=\"section\" data-e-type=\"section\" data-settings=\"{&quot;stretch_section&quot;:&quot;section-stretched&quot;,&quot;background_background&quot;:&quot;classic&quot;}\">\n\t\t\t\t\t\t\t<div class=\"elementor-background-overlay\"><\/div>\n\t\t\t\t\t\t\t<div class=\"elementor-container elementor-column-gap-no\">\n\t\t\t\t\t<div class=\"elementor-column elementor-col-100 elementor-top-column elementor-element elementor-element-9971dc3\" data-id=\"9971dc3\" data-element_type=\"column\" data-e-type=\"column\">\n\t\t\t<div class=\"elementor-widget-wrap elementor-element-populated\">\n\t\t\t\t\t\t<div class=\"elementor-element elementor-element-de09d19 elementor-widget elementor-widget-html\" data-id=\"de09d19\" data-element_type=\"widget\" data-e-type=\"widget\" data-widget_type=\"html.default\">\n\t\t\t\t<div class=\"elementor-widget-container\">\n\t\t\t\t\t<iframe id=\"fluentform\" width=\"100%\" height=\"100%\" style=\"min-height:100vh; width: 100vw\" frameborder=\"0\" src=\"https:\/\/silenkar.com.br\/?fluent-form=3&embedded=1\"><\/iframe>\t\t\t\t<\/div>\n\t\t\t\t<\/div>\n\t\t\t\t\t<\/div>\n\t\t<\/div>\n\t\t\t\t\t<\/div>\n\t\t<\/section>\n\t\t\t\t<\/div>","protected":false},"excerpt":{"rendered":"","protected":false},"author":1,"featured_media":689,"parent":0,"menu_order":0,"comment_status":"closed","ping_status":"closed","template":"elementor_canvas","meta":{"footnotes":""},"class_list":["post-694","page","type-page","status-publish","has-post-thumbnail","hentry"],"yoast_head":"<!-- This site is optimized with the Yoast SEO plugin v27.5 - https:\/\/yoast.com\/product\/yoast-seo-wordpress\/ -->\n<title>Trabalhe Conosco - Silenkar<\/title>\n<meta name=\"robots\" content=\"index, follow, max-snippet:-1, max-image-preview:large, max-video-preview:-1\" \/>\n<link rel=\"canonical\" href=\"https:\/\/silenkar.com.br\/en\/work-with-us\/\" \/>\n<meta property=\"og:locale\" content=\"en_US\" \/>\n<meta property=\"og:type\" content=\"article\" \/>\n<meta property=\"og:title\" content=\"Trabalhe Conosco - Silenkar\" \/>\n<meta property=\"og:url\" content=\"https:\/\/silenkar.com.br\/en\/work-with-us\/\" \/>\n<meta property=\"og:site_name\" content=\"Silenkar\" \/>\n<meta property=\"article:modified_time\" content=\"2023-03-08T12:28:24+00:00\" \/>\n<meta property=\"og:image\" content=\"https:\/\/silenkar.com.br\/wp-content\/uploads\/2023\/03\/og-laranja-100.jpg\" \/>\n\t<meta property=\"og:image:width\" content=\"1201\" \/>\n\t<meta property=\"og:image:height\" content=\"801\" \/>\n\t<meta property=\"og:image:type\" content=\"image\/jpeg\" \/>\n<meta name=\"twitter:card\" content=\"summary_large_image\" \/>\n<script type=\"application\/ld+json\" class=\"yoast-schema-graph\">{\"@context\":\"https:\\\/\\\/schema.org\",\"@graph\":[{\"@type\":\"WebPage\",\"@id\":\"https:\\\/\\\/silenkar.com.br\\\/en\\\/work-with-us\\\/\",\"url\":\"https:\\\/\\\/silenkar.com.br\\\/en\\\/work-with-us\\\/\",\"name\":\"Trabalhe Conosco - Silenkar\",\"isPartOf\":{\"@id\":\"https:\\\/\\\/silenkar.com.br\\\/en\\\/#website\"},\"primaryImageOfPage\":{\"@id\":\"https:\\\/\\\/silenkar.com.br\\\/en\\\/work-with-us\\\/#primaryimage\"},\"image\":{\"@id\":\"https:\\\/\\\/silenkar.com.br\\\/en\\\/work-with-us\\\/#primaryimage\"},\"thumbnailUrl\":\"https:\\\/\\\/silenkar.com.br\\\/wp-content\\\/uploads\\\/2023\\\/03\\\/og-laranja-100.jpg\",\"datePublished\":\"2023-03-08T11:50:23+00:00\",\"dateModified\":\"2023-03-08T12:28:24+00:00\",\"breadcrumb\":{\"@id\":\"https:\\\/\\\/silenkar.com.br\\\/en\\\/work-with-us\\\/#breadcrumb\"},\"inLanguage\":\"en-US\",\"potentialAction\":[{\"@type\":\"ReadAction\",\"target\":[\"https:\\\/\\\/silenkar.com.br\\\/en\\\/work-with-us\\\/\"]}]},{\"@type\":\"ImageObject\",\"inLanguage\":\"en-US\",\"@id\":\"https:\\\/\\\/silenkar.com.br\\\/en\\\/work-with-us\\\/#primaryimage\",\"url\":\"https:\\\/\\\/silenkar.com.br\\\/wp-content\\\/uploads\\\/2023\\\/03\\\/og-laranja-100.jpg\",\"contentUrl\":\"https:\\\/\\\/silenkar.com.br\\\/wp-content\\\/uploads\\\/2023\\\/03\\\/og-laranja-100.jpg\",\"width\":1201,\"height\":801},{\"@type\":\"BreadcrumbList\",\"@id\":\"https:\\\/\\\/silenkar.com.br\\\/en\\\/work-with-us\\\/#breadcrumb\",\"itemListElement\":[{\"@type\":\"ListItem\",\"position\":1,\"name\":\"Home\",\"item\":\"https:\\\/\\\/silenkar.com.br\\\/en\\\/\"},{\"@type\":\"ListItem\",\"position\":2,\"name\":\"Trabalhe Conosco\"}]},{\"@type\":\"WebSite\",\"@id\":\"https:\\\/\\\/silenkar.com.br\\\/en\\\/#website\",\"url\":\"https:\\\/\\\/silenkar.com.br\\\/en\\\/\",\"name\":\"Silenkar\",\"description\":\"Excel\u00eancia na fabrica\u00e7\u00e3o de sistemas de exaust\u00e3o para a ind\u00fastria agr\u00edcola\",\"publisher\":{\"@id\":\"https:\\\/\\\/silenkar.com.br\\\/en\\\/#organization\"},\"potentialAction\":[{\"@type\":\"SearchAction\",\"target\":{\"@type\":\"EntryPoint\",\"urlTemplate\":\"https:\\\/\\\/silenkar.com.br\\\/en\\\/?s={search_term_string}\"},\"query-input\":{\"@type\":\"PropertyValueSpecification\",\"valueRequired\":true,\"valueName\":\"search_term_string\"}}],\"inLanguage\":\"en-US\"},{\"@type\":\"Organization\",\"@id\":\"https:\\\/\\\/silenkar.com.br\\\/en\\\/#organization\",\"name\":\"Silenkar\",\"url\":\"https:\\\/\\\/silenkar.com.br\\\/en\\\/\",\"logo\":{\"@type\":\"ImageObject\",\"inLanguage\":\"en-US\",\"@id\":\"https:\\\/\\\/silenkar.com.br\\\/en\\\/#\\\/schema\\\/logo\\\/image\\\/\",\"url\":\"https:\\\/\\\/silenkar.com.br\\\/wp-content\\\/uploads\\\/2023\\\/02\\\/logo-main.svg\",\"contentUrl\":\"https:\\\/\\\/silenkar.com.br\\\/wp-content\\\/uploads\\\/2023\\\/02\\\/logo-main.svg\",\"width\":444,\"height\":300,\"caption\":\"Silenkar\"},\"image\":{\"@id\":\"https:\\\/\\\/silenkar.com.br\\\/en\\\/#\\\/schema\\\/logo\\\/image\\\/\"}}]}<\/script>\n<!-- \/ Yoast SEO plugin. -->","yoast_head_json":{"title":"Work with us - Silenkar","robots":{"index":"index","follow":"follow","max-snippet":"max-snippet:-1","max-image-preview":"max-image-preview:large","max-video-preview":"max-video-preview:-1"},"canonical":"https:\/\/silenkar.com.br\/en\/work-with-us\/","og_locale":"en_US","og_type":"article","og_title":"Trabalhe Conosco - Silenkar","og_url":"https:\/\/silenkar.com.br\/en\/work-with-us\/","og_site_name":"Silenkar","article_modified_time":"2023-03-08T12:28:24+00:00","og_image":[{"width":1201,"height":801,"url":"https:\/\/silenkar.com.br\/wp-content\/uploads\/2023\/03\/og-laranja-100.jpg","type":"image\/jpeg"}],"twitter_card":"summary_large_image","schema":{"@context":"https:\/\/schema.org","@graph":[{"@type":"WebPage","@id":"https:\/\/silenkar.com.br\/en\/work-with-us\/","url":"https:\/\/silenkar.com.br\/en\/work-with-us\/","name":"Work with us - Silenkar","isPartOf":{"@id":"https:\/\/silenkar.com.br\/en\/#website"},"primaryImageOfPage":{"@id":"https:\/\/silenkar.com.br\/en\/work-with-us\/#primaryimage"},"image":{"@id":"https:\/\/silenkar.com.br\/en\/work-with-us\/#primaryimage"},"thumbnailUrl":"https:\/\/silenkar.com.br\/wp-content\/uploads\/2023\/03\/og-laranja-100.jpg","datePublished":"2023-03-08T11:50:23+00:00","dateModified":"2023-03-08T12:28:24+00:00","breadcrumb":{"@id":"https:\/\/silenkar.com.br\/en\/work-with-us\/#breadcrumb"},"inLanguage":"en-US","potentialAction":[{"@type":"ReadAction","target":["https:\/\/silenkar.com.br\/en\/work-with-us\/"]}]},{"@type":"ImageObject","inLanguage":"en-US","@id":"https:\/\/silenkar.com.br\/en\/work-with-us\/#primaryimage","url":"https:\/\/silenkar.com.br\/wp-content\/uploads\/2023\/03\/og-laranja-100.jpg","contentUrl":"https:\/\/silenkar.com.br\/wp-content\/uploads\/2023\/03\/og-laranja-100.jpg","width":1201,"height":801},{"@type":"BreadcrumbList","@id":"https:\/\/silenkar.com.br\/en\/work-with-us\/#breadcrumb","itemListElement":[{"@type":"ListItem","position":1,"name":"Home","item":"https:\/\/silenkar.com.br\/en\/"},{"@type":"ListItem","position":2,"name":"Trabalhe Conosco"}]},{"@type":"WebSite","@id":"https:\/\/silenkar.com.br\/en\/#website","url":"https:\/\/silenkar.com.br\/en\/","name":"Silenkar","description":"Excellence in the manufacture of exhaust systems for the agricultural industry","publisher":{"@id":"https:\/\/silenkar.com.br\/en\/#organization"},"potentialAction":[{"@type":"SearchAction","target":{"@type":"EntryPoint","urlTemplate":"https:\/\/silenkar.com.br\/en\/?s={search_term_string}"},"query-input":{"@type":"PropertyValueSpecification","valueRequired":true,"valueName":"search_term_string"}}],"inLanguage":"en-US"},{"@type":"Organization","@id":"https:\/\/silenkar.com.br\/en\/#organization","name":"Silenkar","url":"https:\/\/silenkar.com.br\/en\/","logo":{"@type":"ImageObject","inLanguage":"en-US","@id":"https:\/\/silenkar.com.br\/en\/#\/schema\/logo\/image\/","url":"https:\/\/silenkar.com.br\/wp-content\/uploads\/2023\/02\/logo-main.svg","contentUrl":"https:\/\/silenkar.com.br\/wp-content\/uploads\/2023\/02\/logo-main.svg","width":444,"height":300,"caption":"Silenkar"},"image":{"@id":"https:\/\/silenkar.com.br\/en\/#\/schema\/logo\/image\/"}}]}},"_links":{"self":[{"href":"https:\/\/silenkar.com.br\/en\/wp-json\/wp\/v2\/pages\/694","targetHints":{"allow":["GET"]}}],"collection":[{"href":"https:\/\/silenkar.com.br\/en\/wp-json\/wp\/v2\/pages"}],"about":[{"href":"https:\/\/silenkar.com.br\/en\/wp-json\/wp\/v2\/types\/page"}],"author":[{"embeddable":true,"href":"https:\/\/silenkar.com.br\/en\/wp-json\/wp\/v2\/users\/1"}],"replies":[{"embeddable":true,"href":"https:\/\/silenkar.com.br\/en\/wp-json\/wp\/v2\/comments?post=694"}],"version-history":[{"count":16,"href":"https:\/\/silenkar.com.br\/en\/wp-json\/wp\/v2\/pages\/694\/revisions"}],"predecessor-version":[{"id":719,"href":"https:\/\/silenkar.com.br\/en\/wp-json\/wp\/v2\/pages\/694\/revisions\/719"}],"wp:featuredmedia":[{"embeddable":true,"href":"https:\/\/silenkar.com.br\/en\/wp-json\/wp\/v2\/media\/689"}],"wp:attachment":[{"href":"https:\/\/silenkar.com.br\/en\/wp-json\/wp\/v2\/media?parent=694"}],"curies":[{"name":"wp","href":"https:\/\/api.w.org\/{rel}","templated":true}]}}